{"id":35,"date":"2024-02-09T13:19:35","date_gmt":"2024-02-09T16:19:35","guid":{"rendered":"https:\/\/www.ideiatec.com.br\/?page_id=35"},"modified":"2025-02-04T18:29:57","modified_gmt":"2025-02-05T01:29:57","slug":"home","status":"publish","type":"page","link":"http:\/\/www.ideiatec.com.br\/","title":{"rendered":"Home"},"content":{"rendered":"\n<p><\/p>\n\n\n\n<p><\/p>\n\n\n\n<p class=\"has-text-align-center\">Esta p\u00e1gina est\u00e1 em constru\u00e7\u00e3o.<\/p>\n\n\n\n<figure class=\"wp-block-image aligncenter size-full is-resized\"><img loading=\"lazy\" decoding=\"async\" width=\"370\" height=\"133\" src=\"http:\/\/www.ideiatec.com.br\/wp-content\/uploads\/2024\/02\/Logomarca.jpg\" alt=\"\" class=\"wp-image-23\" style=\"width:623px;height:auto\" srcset=\"http:\/\/www.ideiatec.com.br\/wp-content\/uploads\/2024\/02\/Logomarca.jpg 370w, http:\/\/www.ideiatec.com.br\/wp-content\/uploads\/2024\/02\/Logomarca-300x108.jpg 300w\" sizes=\"(max-width: 370px) 100vw, 370px\" \/><\/figure>\n\n\n\n<div class=\"wp-block-buttons is-content-justification-center is-layout-flex wp-container-core-buttons-is-layout-1 wp-block-buttons-is-layout-flex\">\n<div class=\"wp-block-button\"><a class=\"wp-block-button__link wp-element-button\" href=\"https:\/\/form.jotform.com\/242865987421267\">Abrir Chamado T\u00e9cnico<\/a><\/div>\n<\/div>\n\n\n\n<p><strong>A empresa<\/strong><\/p>\n\n\n\n<p>A Ideiatec Inform\u00e1tica \u00e9 uma empresa com mais de 30 anos de experi\u00eancia. Com nova filosofia de trabalho, a Ideiatec conseguiu em curto espa\u00e7o de tempo destacar-se por projetos importantes em grandes empresas do Norte Nordeste. Nossa equipe \u00e9 formada por profissionais certificados por uma das maiores empresa de tecnologia do mundo que \u00e9 a Microsoft, o que garante alta qualidade nos servi\u00e7os prestados. Analisamos a necessidade de cada cliente cuidadosamente atrav\u00e9s de consultores especializados em diversas \u00e1reas fazendo levantamento e estudo de necessidades tecnol\u00f3gicas para nossos clientes.<\/p>\n\n\n\n<p><strong>O crescimento<\/strong><\/p>\n\n\n\n<p>Um fator importante para o sucesso chamado Ideiatec \u00e9 a confian\u00e7a de seus parceiros em nossa equipe. Atrav\u00e9s dessas parcerias conseguimos tornar empresas grandes de hardware em nomes respeitados na \u00e1rea de servi\u00e7o no mercado baiano.<\/p>\n\n\n\n<p><strong>Miss\u00e3o<\/strong><\/p>\n\n\n\n<p>Gerar solu\u00e7\u00f5es que facilitam o uso dos equipamentos de inform\u00e1tica, utilizando-se de t\u00e9cnicas e conhecimentos diferenciais.<\/p>\n\n\n\n<p><strong>Vis\u00e3o<\/strong><\/p>\n\n\n\n<p>Ser reconhecida nacionalmente como a melhor corpora\u00e7\u00e3o de solu\u00e7\u00f5es para o setor de inform\u00e1tica e ainda como uma empresa que desenvolve todo o ambiente social em que atua.<\/p>\n","protected":false},"excerpt":{"rendered":"<p>Esta p\u00e1gina est\u00e1 em constru\u00e7\u00e3o. A empresa A Ideiatec Inform\u00e1tica \u00e9 uma empresa com mais de 30 anos de experi\u00eancia. Com nova filosofia de trabalho, a Ideiatec conseguiu em curto espa\u00e7o de tempo destacar-se por projetos importantes em grandes empresas do Norte Nordeste. Nossa equipe \u00e9 formada por profissionais certificados por uma das maiores empresa [&hellip;]<\/p>\n","protected":false},"author":1,"featured_media":0,"parent":0,"menu_order":0,"comment_status":"closed","ping_status":"closed","template":"page-templates\/frontpage.php","meta":{"footnotes":""},"jetpack_sharing_enabled":true,"_links":{"self":[{"href":"http:\/\/www.ideiatec.com.br\/index.php?rest_route=\/wp\/v2\/pages\/35"}],"collection":[{"href":"http:\/\/www.ideiatec.com.br\/index.php?rest_route=\/wp\/v2\/pages"}],"about":[{"href":"http:\/\/www.ideiatec.com.br\/index.php?rest_route=\/wp\/v2\/types\/page"}],"author":[{"embeddable":true,"href":"http:\/\/www.ideiatec.com.br\/index.php?rest_route=\/wp\/v2\/users\/1"}],"replies":[{"embeddable":true,"href":"http:\/\/www.ideiatec.com.br\/index.php?rest_route=%2Fwp%2Fv2%2Fcomments&post=35"}],"version-history":[{"count":9,"href":"http:\/\/www.ideiatec.com.br\/index.php?rest_route=\/wp\/v2\/pages\/35\/revisions"}],"predecessor-version":[{"id":51,"href":"http:\/\/www.ideiatec.com.br\/index.php?rest_route=\/wp\/v2\/pages\/35\/revisions\/51"}],"wp:attachment":[{"href":"http:\/\/www.ideiatec.com.br\/index.php?rest_route=%2Fwp%2Fv2%2Fmedia&parent=35"}],"curies":[{"name":"wp","href":"https:\/\/api.w.org\/{rel}","templated":true}]}}